{"id":6984,"date":"2023-05-08T08:43:21","date_gmt":"2023-05-08T08:43:21","guid":{"rendered":"https:\/\/villas.tenerife.com\/?page_id=6984"},"modified":"2023-05-08T14:03:37","modified_gmt":"2023-05-08T14:03:37","slug":"alquila-un-coche-con-nosotros","status":"publish","type":"page","link":"https:\/\/villas.tenerife.com\/index.php\/alquila-un-coche-con-nosotros\/","title":{"rendered":"Alquila un coche con nosotros"},"content":{"rendered":"\n<h3 class=\"wp-block-heading\">Pasar unos d\u00edas en una villa de lujo con tu familia o amigos es por s\u00ed sola una experiencia relajante y estupenda pero si adem\u00e1s dispones de un veh\u00edculo puedes aprovechar para conocer la maravillosa isla de Tenerife <\/h3>\n\n\n\n<div class=\"wp-block-buttons has-custom-font-size has-large-font-size is-layout-flex wp-block-buttons-is-layout-flex\">\n<div class=\"wp-block-button\"><a class=\"wp-block-button__link wp-element-button\" href=\"https:\/\/rentacar.canarias.com\/\">Alquila un coche con Canarias.com<\/a><\/div>\n<\/div>\n\n\n\n<p><\/p>\n\n\n\n<h4 class=\"wp-block-heading\">Te sugerimos una visita a<a href=\"https:\/\/www.canarias.com\/experiencias\" target=\"_blank\" rel=\"noreferrer noopener\"> <strong>Loro Parque en el Puerto de la Cruz<\/strong><\/a> pasando antes por el majestuoso Teide, la monta\u00f1a m\u00e1s alta de Espa\u00f1a, y su entorno espectacular que hace de el un Parque Nacional de obligada visita. <\/h4>\n\n\n\n<figure class=\"wp-block-image size-large\"><a href=\"https:\/\/www.canarias.com\/experiencias\"><img fetchpriority=\"high\" decoding=\"async\" width=\"1024\" height=\"685\" src=\"https:\/\/villas.tenerife.com\/wp-content\/uploads\/2023\/05\/image-1-1024x685.png\" alt=\"\" class=\"wp-image-6987\" srcset=\"https:\/\/villas.tenerife.com\/wp-content\/uploads\/2023\/05\/image-1-1024x685.png 1024w, https:\/\/villas.tenerife.com\/wp-content\/uploads\/2023\/05\/image-1-300x201.png 300w, https:\/\/villas.tenerife.com\/wp-content\/uploads\/2023\/05\/image-1-768x514.png 768w, https:\/\/villas.tenerife.com\/wp-content\/uploads\/2023\/05\/image-1-150x100.png 150w, https:\/\/villas.tenerife.com\/wp-content\/uploads\/2023\/05\/image-1-488x326.png 488w, https:\/\/villas.tenerife.com\/wp-content\/uploads\/2023\/05\/image-1.png 1295w\" sizes=\"(max-width: 1024px) 100vw, 1024px\" \/><\/a><\/figure>\n\n\n\n<p>Tambi\u00e9n puedes conocer el norte de la isla, que es pr\u00e1cticamente otra isla diferente, m\u00e1s h\u00fameda y verde que en el sur; pararte en un guachinche a degustar un plato t\u00edpico acompa\u00f1ado de vino del pa\u00eds, Otra zona menos conocida pero verdaderamente incre\u00edble es Taganana y su Parque Rural de Anaga donde encontrar\u00e1s una fauna y una flora rica en endemismos, una verdadera selva tinerfe\u00f1a, <\/p>\n\n\n\n<div class=\"wp-block-buttons is-layout-flex wp-block-buttons-is-layout-flex\">\n<div class=\"wp-block-button has-custom-font-size has-large-font-size\"><a class=\"wp-block-button__link wp-element-button\" href=\"https:\/\/rentacar.canarias.com\/\">Alquila un coche con Canarias.com<\/a><\/div>\n<\/div>\n\n\n\n<p><\/p>\n\n\n\n<h3 class=\"wp-block-heading\">Algunas opiniones sobre su alquiler de coche de nuestros clientes<\/h3>\n\n\n\n<p><\/p>\n\n\n<div data-src=\"https:\/\/cdn.trustindex.io\/loader.js?ec07c95152051282364612b5249\"><\/div>\n\n\n\n<p><\/p>\n\n\n\n<figure class=\"wp-block-image size-large\"><img decoding=\"async\" width=\"1024\" height=\"683\" src=\"https:\/\/villas.tenerife.com\/wp-content\/uploads\/2023\/05\/image-1024x683.png\" alt=\"\" class=\"wp-image-6985\" srcset=\"https:\/\/villas.tenerife.com\/wp-content\/uploads\/2023\/05\/image-1024x683.png 1024w, https:\/\/villas.tenerife.com\/wp-content\/uploads\/2023\/05\/image-300x200.png 300w, https:\/\/villas.tenerife.com\/wp-content\/uploads\/2023\/05\/image-768x512.png 768w, https:\/\/villas.tenerife.com\/wp-content\/uploads\/2023\/05\/image-150x100.png 150w, https:\/\/villas.tenerife.com\/wp-content\/uploads\/2023\/05\/image-488x326.png 488w, https:\/\/villas.tenerife.com\/wp-content\/uploads\/2023\/05\/image.png 1415w\" sizes=\"(max-width: 1024px) 100vw, 1024px\" \/><\/figure>\n\n\n\n<p>Tenerife es un micro continente, con paisajes tropicales, de monta\u00f1a, \u00e1ridos, playas, bosques, ca\u00f1adas. Rel\u00e1jate en tu villa y saca partido de tus vacaciones <strong><a href=\"https:\/\/rentacar.canarias.com\/\">alquilando un coche con nosotros<\/a><\/strong>. Tanto las villas como los coches son propiedad del Grupo Canarias.com, una empresa espa\u00f1ola con m\u00e1s de 30 a\u00f1os de experiencia que ofrece todo lo que puedas necesitar durante tu estancia en Tenerife. <\/p>\n","protected":false},"excerpt":{"rendered":"<p>Pasar unos d\u00edas en una villa de lujo con tu familia o amigos es por s\u00ed sola una experiencia relajante y estupenda pero si adem\u00e1s dispones de un veh\u00edculo puedes aprovechar para conocer la maravillosa isla de Tenerife Te sugerimos una visita a Loro Parque en el Puerto de la Cruz pasando antes por el&#8230;<\/p>\n","protected":false},"author":1,"featured_media":6989,"parent":0,"menu_order":0,"comment_status":"closed","ping_status":"closed","template":"","meta":{"footnotes":""},"class_list":["post-6984","page","type-page","status-publish","has-post-thumbnail","hentry"],"yoast_head":"<!-- This site is optimized with the Yoast SEO plugin v27.1.1 - https:\/\/yoast.com\/product\/yoast-seo-wordpress\/ -->\n<title>Alquila un coche con nosotros - Villas Tenerife<\/title>\n<meta name=\"description\" content=\"Si adem\u00e1s de la Villa dispones de un veh\u00edculo puedes aprovechar para conocer la maravillosa isla de Tenerife. Lujazo de vacaciones\" \/>\n<meta name=\"robots\" content=\"index, follow, max-snippet:-1, max-image-preview:large, max-video-preview:-1\" \/>\n<link rel=\"canonical\" href=\"https:\/\/villas.tenerife.com\/index.php\/alquila-un-coche-con-nosotros\/\" \/>\n<meta property=\"og:locale\" content=\"en_US\" \/>\n<meta property=\"og:type\" content=\"article\" \/>\n<meta property=\"og:title\" content=\"Alquila un coche con nosotros - Villas Tenerife\" \/>\n<meta property=\"og:description\" content=\"Si adem\u00e1s de la Villa dispones de un veh\u00edculo puedes aprovechar para conocer la maravillosa isla de Tenerife. Lujazo de vacaciones\" \/>\n<meta property=\"og:url\" content=\"https:\/\/villas.tenerife.com\/index.php\/alquila-un-coche-con-nosotros\/\" \/>\n<meta property=\"og:site_name\" content=\"Villas Tenerife\" \/>\n<meta property=\"article:modified_time\" content=\"2023-05-08T14:03:37+00:00\" \/>\n<meta property=\"og:image\" content=\"https:\/\/villas.tenerife.com\/wp-content\/uploads\/2023\/05\/Villas-Tenerife-bmw-218.jpg\" \/>\n\t<meta property=\"og:image:width\" content=\"800\" \/>\n\t<meta property=\"og:image:height\" content=\"560\" \/>\n\t<meta property=\"og:image:type\" content=\"image\/jpeg\" \/>\n<meta name=\"twitter:card\" content=\"summary_large_image\" \/>\n<meta name=\"twitter:label1\" content=\"Est. reading time\" \/>\n\t<meta name=\"twitter:data1\" content=\"2 minutes\" \/>\n<script type=\"application\/ld+json\" class=\"yoast-schema-graph\">{\"@context\":\"https:\/\/schema.org\",\"@graph\":[{\"@type\":\"WebPage\",\"@id\":\"https:\/\/villas.tenerife.com\/index.php\/alquila-un-coche-con-nosotros\/\",\"url\":\"https:\/\/villas.tenerife.com\/index.php\/alquila-un-coche-con-nosotros\/\",\"name\":\"Alquila un coche con nosotros - Villas Tenerife\",\"isPartOf\":{\"@id\":\"https:\/\/villas.tenerife.com\/#website\"},\"primaryImageOfPage\":{\"@id\":\"https:\/\/villas.tenerife.com\/index.php\/alquila-un-coche-con-nosotros\/#primaryimage\"},\"image\":{\"@id\":\"https:\/\/villas.tenerife.com\/index.php\/alquila-un-coche-con-nosotros\/#primaryimage\"},\"thumbnailUrl\":\"https:\/\/villas.tenerife.com\/wp-content\/uploads\/2023\/05\/Villas-Tenerife-bmw-218.jpg\",\"datePublished\":\"2023-05-08T08:43:21+00:00\",\"dateModified\":\"2023-05-08T14:03:37+00:00\",\"description\":\"Si adem\u00e1s de la Villa dispones de un veh\u00edculo puedes aprovechar para conocer la maravillosa isla de Tenerife. Lujazo de vacaciones\",\"breadcrumb\":{\"@id\":\"https:\/\/villas.tenerife.com\/index.php\/alquila-un-coche-con-nosotros\/#breadcrumb\"},\"inLanguage\":\"en-US\",\"potentialAction\":[{\"@type\":\"ReadAction\",\"target\":[\"https:\/\/villas.tenerife.com\/index.php\/alquila-un-coche-con-nosotros\/\"]}]},{\"@type\":\"ImageObject\",\"inLanguage\":\"en-US\",\"@id\":\"https:\/\/villas.tenerife.com\/index.php\/alquila-un-coche-con-nosotros\/#primaryimage\",\"url\":\"https:\/\/villas.tenerife.com\/wp-content\/uploads\/2023\/05\/Villas-Tenerife-bmw-218.jpg\",\"contentUrl\":\"https:\/\/villas.tenerife.com\/wp-content\/uploads\/2023\/05\/Villas-Tenerife-bmw-218.jpg\",\"width\":800,\"height\":560,\"caption\":\"Alquila uno de nuestros coches en Tenerife y vaca partido a tus vacaciones\"},{\"@type\":\"BreadcrumbList\",\"@id\":\"https:\/\/villas.tenerife.com\/index.php\/alquila-un-coche-con-nosotros\/#breadcrumb\",\"itemListElement\":[{\"@type\":\"ListItem\",\"position\":1,\"name\":\"Portada\",\"item\":\"https:\/\/villas.tenerife.com\/\"},{\"@type\":\"ListItem\",\"position\":2,\"name\":\"Alquila un coche con nosotros\"}]},{\"@type\":\"WebSite\",\"@id\":\"https:\/\/villas.tenerife.com\/#website\",\"url\":\"https:\/\/villas.tenerife.com\/\",\"name\":\"Villas Tenerife\",\"description\":\"Luxury Villas in Tenerife\",\"publisher\":{\"@id\":\"https:\/\/villas.tenerife.com\/#organization\"},\"potentialAction\":[{\"@type\":\"SearchAction\",\"target\":{\"@type\":\"EntryPoint\",\"urlTemplate\":\"https:\/\/villas.tenerife.com\/?s={search_term_string}\"},\"query-input\":{\"@type\":\"PropertyValueSpecification\",\"valueRequired\":true,\"valueName\":\"search_term_string\"}}],\"inLanguage\":\"en-US\"},{\"@type\":\"Organization\",\"@id\":\"https:\/\/villas.tenerife.com\/#organization\",\"name\":\"Villas Tenerife\",\"url\":\"https:\/\/villas.tenerife.com\/\",\"logo\":{\"@type\":\"ImageObject\",\"inLanguage\":\"en-US\",\"@id\":\"https:\/\/villas.tenerife.com\/#\/schema\/logo\/image\/\",\"url\":\"https:\/\/villas.tenerife.com\/wp-content\/uploads\/2020\/09\/white-logo-retina-1.png\",\"contentUrl\":\"https:\/\/villas.tenerife.com\/wp-content\/uploads\/2020\/09\/white-logo-retina-1.png\",\"width\":353,\"height\":167,\"caption\":\"Villas Tenerife\"},\"image\":{\"@id\":\"https:\/\/villas.tenerife.com\/#\/schema\/logo\/image\/\"}}]}<\/script>\n<!-- \/ Yoast SEO plugin. -->","yoast_head_json":{"title":"Alquila un coche con nosotros - Villas Tenerife","description":"Si adem\u00e1s de la Villa dispones de un veh\u00edculo puedes aprovechar para conocer la maravillosa isla de Tenerife. Lujazo de vacaciones","robots":{"index":"index","follow":"follow","max-snippet":"max-snippet:-1","max-image-preview":"max-image-preview:large","max-video-preview":"max-video-preview:-1"},"canonical":"https:\/\/villas.tenerife.com\/index.php\/alquila-un-coche-con-nosotros\/","og_locale":"en_US","og_type":"article","og_title":"Alquila un coche con nosotros - Villas Tenerife","og_description":"Si adem\u00e1s de la Villa dispones de un veh\u00edculo puedes aprovechar para conocer la maravillosa isla de Tenerife. Lujazo de vacaciones","og_url":"https:\/\/villas.tenerife.com\/index.php\/alquila-un-coche-con-nosotros\/","og_site_name":"Villas Tenerife","article_modified_time":"2023-05-08T14:03:37+00:00","og_image":[{"width":800,"height":560,"url":"https:\/\/villas.tenerife.com\/wp-content\/uploads\/2023\/05\/Villas-Tenerife-bmw-218.jpg","type":"image\/jpeg"}],"twitter_card":"summary_large_image","twitter_misc":{"Est. reading time":"2 minutes"},"schema":{"@context":"https:\/\/schema.org","@graph":[{"@type":"WebPage","@id":"https:\/\/villas.tenerife.com\/index.php\/alquila-un-coche-con-nosotros\/","url":"https:\/\/villas.tenerife.com\/index.php\/alquila-un-coche-con-nosotros\/","name":"Alquila un coche con nosotros - Villas Tenerife","isPartOf":{"@id":"https:\/\/villas.tenerife.com\/#website"},"primaryImageOfPage":{"@id":"https:\/\/villas.tenerife.com\/index.php\/alquila-un-coche-con-nosotros\/#primaryimage"},"image":{"@id":"https:\/\/villas.tenerife.com\/index.php\/alquila-un-coche-con-nosotros\/#primaryimage"},"thumbnailUrl":"https:\/\/villas.tenerife.com\/wp-content\/uploads\/2023\/05\/Villas-Tenerife-bmw-218.jpg","datePublished":"2023-05-08T08:43:21+00:00","dateModified":"2023-05-08T14:03:37+00:00","description":"Si adem\u00e1s de la Villa dispones de un veh\u00edculo puedes aprovechar para conocer la maravillosa isla de Tenerife. Lujazo de vacaciones","breadcrumb":{"@id":"https:\/\/villas.tenerife.com\/index.php\/alquila-un-coche-con-nosotros\/#breadcrumb"},"inLanguage":"en-US","potentialAction":[{"@type":"ReadAction","target":["https:\/\/villas.tenerife.com\/index.php\/alquila-un-coche-con-nosotros\/"]}]},{"@type":"ImageObject","inLanguage":"en-US","@id":"https:\/\/villas.tenerife.com\/index.php\/alquila-un-coche-con-nosotros\/#primaryimage","url":"https:\/\/villas.tenerife.com\/wp-content\/uploads\/2023\/05\/Villas-Tenerife-bmw-218.jpg","contentUrl":"https:\/\/villas.tenerife.com\/wp-content\/uploads\/2023\/05\/Villas-Tenerife-bmw-218.jpg","width":800,"height":560,"caption":"Alquila uno de nuestros coches en Tenerife y vaca partido a tus vacaciones"},{"@type":"BreadcrumbList","@id":"https:\/\/villas.tenerife.com\/index.php\/alquila-un-coche-con-nosotros\/#breadcrumb","itemListElement":[{"@type":"ListItem","position":1,"name":"Portada","item":"https:\/\/villas.tenerife.com\/"},{"@type":"ListItem","position":2,"name":"Alquila un coche con nosotros"}]},{"@type":"WebSite","@id":"https:\/\/villas.tenerife.com\/#website","url":"https:\/\/villas.tenerife.com\/","name":"Villas Tenerife","description":"Luxury Villas in Tenerife","publisher":{"@id":"https:\/\/villas.tenerife.com\/#organization"},"potentialAction":[{"@type":"SearchAction","target":{"@type":"EntryPoint","urlTemplate":"https:\/\/villas.tenerife.com\/?s={search_term_string}"},"query-input":{"@type":"PropertyValueSpecification","valueRequired":true,"valueName":"search_term_string"}}],"inLanguage":"en-US"},{"@type":"Organization","@id":"https:\/\/villas.tenerife.com\/#organization","name":"Villas Tenerife","url":"https:\/\/villas.tenerife.com\/","logo":{"@type":"ImageObject","inLanguage":"en-US","@id":"https:\/\/villas.tenerife.com\/#\/schema\/logo\/image\/","url":"https:\/\/villas.tenerife.com\/wp-content\/uploads\/2020\/09\/white-logo-retina-1.png","contentUrl":"https:\/\/villas.tenerife.com\/wp-content\/uploads\/2020\/09\/white-logo-retina-1.png","width":353,"height":167,"caption":"Villas Tenerife"},"image":{"@id":"https:\/\/villas.tenerife.com\/#\/schema\/logo\/image\/"}}]}},"_links":{"self":[{"href":"https:\/\/villas.tenerife.com\/index.php\/wp-json\/wp\/v2\/pages\/6984","targetHints":{"allow":["GET"]}}],"collection":[{"href":"https:\/\/villas.tenerife.com\/index.php\/wp-json\/wp\/v2\/pages"}],"about":[{"href":"https:\/\/villas.tenerife.com\/index.php\/wp-json\/wp\/v2\/types\/page"}],"author":[{"embeddable":true,"href":"https:\/\/villas.tenerife.com\/index.php\/wp-json\/wp\/v2\/users\/1"}],"replies":[{"embeddable":true,"href":"https:\/\/villas.tenerife.com\/index.php\/wp-json\/wp\/v2\/comments?post=6984"}],"version-history":[{"count":7,"href":"https:\/\/villas.tenerife.com\/index.php\/wp-json\/wp\/v2\/pages\/6984\/revisions"}],"predecessor-version":[{"id":7004,"href":"https:\/\/villas.tenerife.com\/index.php\/wp-json\/wp\/v2\/pages\/6984\/revisions\/7004"}],"wp:featuredmedia":[{"embeddable":true,"href":"https:\/\/villas.tenerife.com\/index.php\/wp-json\/wp\/v2\/media\/6989"}],"wp:attachment":[{"href":"https:\/\/villas.tenerife.com\/index.php\/wp-json\/wp\/v2\/media?parent=6984"}],"curies":[{"name":"wp","href":"https:\/\/api.w.org\/{rel}","templated":true}]}}