{"id":3,"date":"2022-11-30T12:26:13","date_gmt":"2022-11-30T12:26:13","guid":{"rendered":"https:\/\/villas.tenerife.com\/?page_id=3"},"modified":"2023-04-17T11:16:11","modified_gmt":"2023-04-17T11:16:11","slug":"privacy-policy","status":"publish","type":"page","link":"https:\/\/villas.tenerife.com\/es\/index.php\/privacy-policy\/","title":{"rendered":"Pol\u00edtica de Privacidad"},"content":{"rendered":"\n<h3 class=\"wp-block-heading\">I. POL\u00cdTICA DE PRIVACIDAD Y PROTECCI\u00d3N DE DATOS<\/h3>\n\n\n\n<p>Respetando lo establecido en la legislaci\u00f3n vigente, Villas Tenerife (en adelante, tambi\u00e9n Sitio Web) se compromete a adoptar las medidas t\u00e9cnicas y organizativas necesarias, seg\u00fan el nivel de seguridad adecuado al riesgo de los datos recogidos.<\/p>\n\n\n\n<h4 class=\"wp-block-heading\">Leyes que incorpora esta pol\u00edtica de privacidad<\/h4>\n\n\n\n<p>Esta pol\u00edtica de privacidad est\u00e1 adaptada a la normativa espa\u00f1ola y europea vigente en materia de protecci\u00f3n de datos personales en internet. En concreto, la misma respeta las siguientes normas:<\/p>\n\n\n\n<p>El Reglamento (UE) 2016\/679 del Parlamento Europeo y del Consejo, de 27 de abril de 2016, relativo a la protecci\u00f3n de las personas f\u00edsicas en lo que respecta al tratamiento de datos personales y a la libre circulaci\u00f3n de estos datos (RGPD).<\/p>\n\n\n\n<p>La Ley Org\u00e1nica 3\/2018, de 5 de diciembre, de Protecci\u00f3n de Datos Personales y garant\u00eda de los derechos digitales (LOPD-GDD).<\/p>\n\n\n\n<p>El Real Decreto 1720\/2007, de 21 de diciembre, por el que se aprueba el Reglamento de desarrollo de la Ley Org\u00e1nica 15\/1999, de 13 de diciembre, de Protecci\u00f3n de Datos de Car\u00e1cter Personal (RDLOPD).<\/p>\n\n\n\n<p>La Ley 34\/2002, de 11 de julio, de Servicios de la Sociedad de la Informaci\u00f3n y de Comercio Electr\u00f3nico (LSSI-CE).<\/p>\n\n\n\n<p>Identidad del responsable del tratamiento de los datos personales.<\/p>\n\n\n\n<p>El responsable del tratamiento de los datos personales recogidos en Villas Tenerife es: VALLECID S.L., provista de NIF: B38060786 con domicilio fiscal en CALLE HELSINKI, NUM 22 PUERTA 1, URB OASIS DAKOTA 38660 ADEJE &#8211; (S.C. TENERIFE)  e inscrita en:<\/p>\n\n\n\n<p>Registro Mercantil de Santa Cruz de Tenerife con los siguientes datos<\/p>\n\n\n\n<p>registrales: TOMO 3412 \/ LIBRO 0 \/ FOLIO 202 \/ HOJA TF-4722, cuyo<\/p>\n\n\n\n<p>representante es: Juan Ejemplo (en adelante, Responsable del tratamiento). Sus datos de contacto son los siguientes:<\/p>\n\n\n\n<p>Direcci\u00f3n:<\/p>\n\n\n\n<p>Calle Helsinki, 22 &#8211; 1 LOC, Adeje, 38670, Tenerife Tel\u00e9fono de contacto: 922712496 Email de contacto: info@canarias.com<\/p>\n\n\n\n<p>Delegado de Protecci\u00f3n de Datos (DPD)<\/p>\n\n\n\n<p>El Delegado de Protecci\u00f3n de Datos (DPD, o DPO por sus siglas en ingl\u00e9s) es el encargado de velar por el cumplimiento de la normativa de protecci\u00f3n de datos a la cual se encuentra sujeta Villas Tenerife. El Usuario puede contactar con el DPD designado por el Responsable del tratamiento utilizando los siguientes datos de contacto: pino@canarias.com.<\/p>\n\n\n\n<h4 class=\"wp-block-heading\">Registro de Datos de Car\u00e1cter Personal<\/h4>\n\n\n\n<p>En cumplimiento de lo establecido en el RGPD y la LOPD-GDD, le informamos que los datos personales recabados por Villas Tenerife mediante los formularios extendidos en sus p\u00e1ginas quedar\u00e1n incorporados y ser\u00e1n tratados en nuestro ficheros con el fin de poder facilitar, agilizar y cumplir los compromisos establecidos entre Villas Tenerife y el Usuario o el mantenimiento de la relaci\u00f3n que se establezca en los formularios que este rellene, o para atender una solicitud o consulta del mismo. Asimismo, de conformidad con lo previsto en el RGPD y la LOPD-GDD, salvo que sea de aplicaci\u00f3n la excepci\u00f3n prevista en el art\u00edculo 30.5 del RGPD, se mantiene un registro de actividades de tratamiento que especifica, seg\u00fan sus finalidades, las actividades de tratamiento llevadas a cabo y las dem\u00e1s circunstancias establecidas en el RGPD.<\/p>\n\n\n\n<h4 class=\"wp-block-heading\">Principios aplicables al tratamiento de los datos personales<\/h4>\n\n\n\n<p>El tratamiento de los datos personales del Usuario se someter\u00e1 a los siguientes principios recogidos en el art\u00edculo 5 del RGPD y en el art\u00edculo 4 y siguientes de la Ley Org\u00e1nica 3\/2018, de 5 de diciembre, de Protecci\u00f3n de Datos Personales y garant\u00eda de los derechos digitales:<\/p>\n\n\n\n<p>Principio de licitud, lealtad y transparencia: se requerir\u00e1 en todo momento el consentimiento del Usuario previa informaci\u00f3n completamente transparente de los fines para los cuales se recogen los datos personales.<\/p>\n\n\n\n<p>Principio de limitaci\u00f3n de la finalidad: los datos personales ser\u00e1n recogidos con fines determinados, expl\u00edcitos y leg\u00edtimos.<\/p>\n\n\n\n<p>Principio de minimizaci\u00f3n de datos: los datos personales recogidos ser\u00e1n \u00fanicamente los estrictamente necesarios en relaci\u00f3n con los fines para los que son tratados.<\/p>\n\n\n\n<p>Principio de exactitud: los datos personales deben ser exactos y estar siempre actualizados.<\/p>\n\n\n\n<p>Principio de limitaci\u00f3n del plazo de conservaci\u00f3n: los datos<\/p>\n\n\n\n<p>personales solo ser\u00e1n mantenidos de forma que se permita la identificaci\u00f3n del Usuario durante el tiempo necesario para los fines de su tratamiento.<\/p>\n\n\n\n<p>Principio de integridad y confidencialidad: los datos personales ser\u00e1n tratados de manera que se garantice su seguridad y confidencialidad.<\/p>\n\n\n\n<p>Principio de responsabilidad proactiva: el Responsable del tratamiento ser\u00e1 responsable de asegurar que los principios anteriores se cumplen.<\/p>\n\n\n\n<h4 class=\"wp-block-heading\">Categor\u00edas de datos personales<\/h4>\n\n\n\n<p>Las categor\u00edas de datos que se tratan en Villas Tenerife son \u00fanicamente datos identificativos. En ning\u00fan caso, se tratan categor\u00edas especiales de datos personales en el sentido del art\u00edculo 9 del RGPD.<\/p>\n\n\n\n<h4 class=\"wp-block-heading\">Base legal para el tratamiento de los datos personales<\/h4>\n\n\n\n<p>La base legal para el tratamiento de los datos personales es el consentimiento. Villas Tenerife se compromete a recabar el consentimiento expreso y verificable del Usuario para el tratamiento de sus datos personales para uno o varios fines espec\u00edficos.<\/p>\n\n\n\n<p>El Usuario tendr\u00e1 derecho a retirar su consentimiento en cualquier momento. Ser\u00e1 tan f\u00e1cil retirar el consentimiento como darlo. Como regla general, la retirada del consentimiento no condicionar\u00e1 el uso del Sitio Web.<\/p>\n\n\n\n<p>En las ocasiones en las que el Usuario deba o pueda facilitar sus datos a trav\u00e9s de formularios para realizar consultas, solicitar informaci\u00f3n o por motivos relacionados con el contenido del Sitio Web, se le informar\u00e1 en caso de que la cumplimentaci\u00f3n de alguno de ellos sea obligatoria debido a que los mismos sean imprescindibles para el correcto desarrollo de la operaci\u00f3n realizada.<\/p>\n\n\n\n<h3 class=\"wp-block-heading\">Pol\u00edtica de Cookies<\/h3>\n\n\n\n<p>El acceso a este Sitio Web puede implicar la utilizaci\u00f3n de cookies. Las cookies son peque\u00f1as cantidades de informaci\u00f3n que se almacenan en el navegador utilizado por cada Usuario \u2014en los distintos dispositivos que pueda utilizar para navegar\u2014 para que el servidor recuerde cierta informaci\u00f3n que posteriormente y \u00fanicamente el servidor que la implement\u00f3 leer\u00e1. Las cookies facilitan la navegaci\u00f3n, la hacen m\u00e1s amigable, y no da\u00f1an el dispositivo de navegaci\u00f3n.<\/p>\n\n\n\n<p>La informaci\u00f3n recabada a trav\u00e9s de las cookies puede incluir la fecha y hora de visitas al Sitio Web, las p\u00e1ginas visionadas, el tiempo que ha estado en el Sitio Web y los sitios visitados justo antes y despu\u00e9s del mismo. Sin embargo, ninguna cookie permite que esta misma pueda contactarse con el n\u00famero de tel\u00e9fono del Usuario o con cualquier otro medio de contacto personal. Ninguna cookie puede extraer informaci\u00f3n del disco duro del Usuario o robar informaci\u00f3n personal. La \u00fanica manera de que la informaci\u00f3n privada del Usuario forme parte del archivo Cookie es que el usuario d\u00e9 personalmente esa informaci\u00f3n al servidor.<\/p>\n\n\n\n<p>Las cookies que permiten identificar a una persona se consideran datos personales. Por tanto, a las mismas les ser\u00e1 de aplicaci\u00f3n la Pol\u00edtica de Privacidad anteriormente descrita. En este sentido, para la utilizaci\u00f3n de las mismas ser\u00e1 necesario el consentimiento del Usuario. Este consentimiento ser\u00e1 comunicado, en base a una elecci\u00f3n aut\u00e9ntica, ofrecido mediante una decisi\u00f3n afirmativa y positiva, antes del tratamiento inicial, removible y documentado.<\/p>\n\n\n\n<p>Son cookies utilizadas y gestionadas por entidades externas que proporcionan a Villas Tenerife servicios solicitados por este mismo para mejorar el Sitio Web y la experiencia del usuario al navegar en el Sitio Web. Los principales objetivos para los que se utilizan cookies de terceros son la obtenci\u00f3n de estad\u00edsticas de accesos y analizar la informaci\u00f3n de la navegaci\u00f3n, es decir, c\u00f3mo interact\u00faa el Usuario con el Sitio Web.<\/p>\n\n\n\n<p>La informaci\u00f3n que se obtiene se refiere, por ejemplo, al n\u00famero de p\u00e1ginas visitadas, el idioma, el lugar a la que la direcci\u00f3n IP desde el que accede el Usuario, el n\u00famero de Usuarios que acceden, la frecuencia y reincidencia de las visitas, el tiempo de visita, el navegador que usan, el operador o tipo de dispositivo desde el que se realiza la visita. Esta informaci\u00f3n se utiliza para mejorar el Sitio Web, y detectar nuevas necesidades para ofrecer a los Usuarios un Contenido y\/o servicio de \u00f3ptima calidad. En todo caso, la informaci\u00f3n se recopila de forma an\u00f3nima y se elaboran informes de tendencias del Sitio Web sin identificar a usuarios individuales.<\/p>\n\n\n\n<p>Puede obtener m\u00e1s informaci\u00f3n sobre las cookies, la informaci\u00f3n sobre la privacidad, o consultar la descripci\u00f3n del tipo de cookies que se utiliza, sus principales caracter\u00edsticas, periodo de expiraci\u00f3n, etc. en el siguiente(s) enlace(s):<\/p>\n\n\n\n<p>La(s) entidad(es) encargada(s) del suministro de cookies podr\u00e1(n) ceder esta informaci\u00f3n a terceros, siempre y cuando lo exija la ley o sea un tercero el que procese esta informaci\u00f3n para dichas entidades.<\/p>\n\n\n\n<p>Villas Tenerife incorpora plugins de redes sociales, que permiten acceder a las mismas a partir del Sitio Web. Por esta raz\u00f3n, las cookies de redes sociales pueden almacenarse en el navegador del Usuario. Los titulares de dichas redes sociales disponen de sus propias pol\u00edticas de protecci\u00f3n de datos y de cookies, siendo ellos mismos, en cada caso, responsables de sus propios ficheros y de sus propias pr\u00e1cticas de privacidad. El Usuario debe referirse a las mismas para informarse acerca de dichas cookies y, en su caso, del tratamiento de sus datos personales. \u00danicamente a t\u00edtulo informativo se indican a continuaci\u00f3n los enlaces en los que se pueden consultar dichas pol\u00edticas de privacidad y\/o de cookies: <\/p>\n\n\n\n<p>\u00b7<strong> Facebook<\/strong>: <a href=\"https:\/\/www.facebook.com\/policies\/cookies\" rel=\"nofollow\">https:\/\/www.facebook.com\/policies\/cookies<\/a> <\/p>\n\n\n\n<p>\u00b7 <strong>Twitter:<\/strong> <a href=\"https:\/\/twitter.com\/es\/privacy\" rel=\"nofollow\">https:\/\/twitter.com\/es\/privacy<\/a><\/p>\n\n\n\n<p>\u00b7<strong> Instagram<\/strong>: <a href=\"https:\/\/help.instagram.com\/1896641480634370?ref=ig\" rel=\"nofollow\">https:\/\/help.instagram.com\/1896641480634370?ref=ig<\/a><\/p>\n\n\n\n<h4 class=\"wp-block-heading\">ACEPTACI\u00d3N Y CAMBIOS EN ESTA POL\u00cdTICA DE PRIVACIDAD<\/h4>\n\n\n\n<p>El Usuario puede deshabilitar, rechazar y eliminar las cookies \u2014total o parcialmente\u2014 instaladas en su dispositivo mediante la configuraci\u00f3n de su navegador (entre los que se encuentran, por ejemplo, Chrome, Firefox, Safari, Explorer). En este sentido, los procedimientos para rechazar y eliminar las cookies pueden diferir de un navegador de Internet a otro. En consecuencia, el Usuario debe acudir a las instrucciones facilitadas por el propio navegador de Internet que est\u00e9 utilizando. En el supuesto de que rechace el uso de cookies \u2014total o parcialmente\u2014 podr\u00e1 seguir usando el Sitio Web, si bien podr\u00e1 tener limitada la utilizaci\u00f3n de algunas de las prestaciones del mismo.<\/p>\n\n\n\n<p>Es necesario que el Usuario haya le\u00eddo y est\u00e9 conforme con las condiciones sobre la protecci\u00f3n de datos de car\u00e1cter personal contenidas en esta Pol\u00edtica de Privacidad y de Cookies, as\u00ed como que acepte el tratamiento de sus datos personales para que el Responsable del tratamiento pueda proceder al mismo en la forma, durante los plazos y para las finalidades indicadas. El uso del Sitio Web implicar\u00e1 la aceptaci\u00f3n de la Pol\u00edtica de Privacidad y de Cookies del mismo.<\/p>\n\n\n\n<p>Villas Tenerife se reserva el derecho a modificar su Pol\u00edtica de Privacidad y de Cookies, de acuerdo a su propio criterio, o motivado por un cambio legislativo, jurisprudencial o doctrinal de la Agencia Espa\u00f1ola de Protecci\u00f3n de Datos. Los cambios o actualizaciones de esta Pol\u00edtica de Privacidad y de Cookies no ser\u00e1n notificados de forma expl\u00edcita al Usuario. Se recomienda al Usuario consultar esta p\u00e1gina de forma peri\u00f3dica para estar al tanto de los \u00faltimos cambios o actualizaciones<\/p>\n\n\n\n<p>Esta Pol\u00edtica de Privacidad y de Cookies fue actualizada el d\u00eda 22 de marzo 2023 para adaptarse al Reglamento (UE) 2016\/679 del Parlamento Europeo y del Consejo, de 27 de abril de 2016, relativo a la protecci\u00f3n de las personas f\u00edsicas en lo que respecta al tratamiento de datos personales y a la libre circulaci\u00f3n de estos datos (RGPD) y a la Ley Org\u00e1nica 3\/2018, de 5 de diciembre, de Protecci\u00f3n de Datos Personales y garant\u00eda de los derechos digitales.<\/p>\n","protected":false},"excerpt":{"rendered":"<p>I. POL\u00cdTICA DE PRIVACIDAD Y PROTECCI\u00d3N DE DATOS Respetando lo establecido en la legislaci\u00f3n vigente, Villas Tenerife (en adelante, tambi\u00e9n Sitio Web) se compromete a adoptar las medidas t\u00e9cnicas y organizativas necesarias, seg\u00fan el nivel de seguridad adecuado al riesgo de los datos recogidos. Leyes que incorpora esta pol\u00edtica de privacidad Esta pol\u00edtica de privacidad&#8230;<\/p>\n","protected":false},"author":1,"featured_media":0,"parent":0,"menu_order":0,"comment_status":"closed","ping_status":"open","template":"","meta":{"footnotes":""},"class_list":["post-3","page","type-page","status-publish","hentry"],"yoast_head":"<!-- This site is optimized with the Yoast SEO plugin v27.1.1 - https:\/\/yoast.com\/product\/yoast-seo-wordpress\/ -->\n<title>Pol\u00edtica de Privacidad - Villas Tenerife<\/title>\n<meta name=\"robots\" content=\"index, follow, max-snippet:-1, max-image-preview:large, max-video-preview:-1\" \/>\n<link rel=\"canonical\" href=\"https:\/\/villas.tenerife.com\/es\/index.php\/privacy-policy\/\" \/>\n<meta property=\"og:locale\" content=\"es_ES\" \/>\n<meta property=\"og:type\" content=\"article\" \/>\n<meta property=\"og:title\" content=\"Pol\u00edtica de Privacidad - Villas Tenerife\" \/>\n<meta property=\"og:description\" content=\"I. POL\u00cdTICA DE PRIVACIDAD Y PROTECCI\u00d3N DE DATOS Respetando lo establecido en la legislaci\u00f3n vigente, Villas Tenerife (en adelante, tambi\u00e9n Sitio Web) se compromete a adoptar las medidas t\u00e9cnicas y organizativas necesarias, seg\u00fan el nivel de seguridad adecuado al riesgo de los datos recogidos. Leyes que incorpora esta pol\u00edtica de privacidad Esta pol\u00edtica de privacidad...\" \/>\n<meta property=\"og:url\" content=\"https:\/\/villas.tenerife.com\/es\/index.php\/privacy-policy\/\" \/>\n<meta property=\"og:site_name\" content=\"Villas Tenerife\" \/>\n<meta property=\"article:modified_time\" content=\"2023-04-17T11:16:11+00:00\" \/>\n<meta name=\"twitter:card\" content=\"summary_large_image\" \/>\n<meta name=\"twitter:label1\" content=\"Tiempo de lectura\" \/>\n\t<meta name=\"twitter:data1\" content=\"9 minutos\" \/>\n<script type=\"application\/ld+json\" class=\"yoast-schema-graph\">{\"@context\":\"https:\/\/schema.org\",\"@graph\":[{\"@type\":\"WebPage\",\"@id\":\"https:\/\/villas.tenerife.com\/es\/index.php\/privacy-policy\/\",\"url\":\"https:\/\/villas.tenerife.com\/es\/index.php\/privacy-policy\/\",\"name\":\"Pol\u00edtica de Privacidad - Villas Tenerife\",\"isPartOf\":{\"@id\":\"https:\/\/villas.tenerife.com\/es\/#website\"},\"datePublished\":\"2022-11-30T12:26:13+00:00\",\"dateModified\":\"2023-04-17T11:16:11+00:00\",\"breadcrumb\":{\"@id\":\"https:\/\/villas.tenerife.com\/es\/index.php\/privacy-policy\/#breadcrumb\"},\"inLanguage\":\"es\",\"potentialAction\":[{\"@type\":\"ReadAction\",\"target\":[\"https:\/\/villas.tenerife.com\/es\/index.php\/privacy-policy\/\"]}]},{\"@type\":\"BreadcrumbList\",\"@id\":\"https:\/\/villas.tenerife.com\/es\/index.php\/privacy-policy\/#breadcrumb\",\"itemListElement\":[{\"@type\":\"ListItem\",\"position\":1,\"name\":\"Portada\",\"item\":\"https:\/\/villas.tenerife.com\/es\/\"},{\"@type\":\"ListItem\",\"position\":2,\"name\":\"Pol\u00edtica de Privacidad\"}]},{\"@type\":\"WebSite\",\"@id\":\"https:\/\/villas.tenerife.com\/es\/#website\",\"url\":\"https:\/\/villas.tenerife.com\/es\/\",\"name\":\"Villas Tenerife\",\"description\":\"Luxury Villas in Tenerife\",\"publisher\":{\"@id\":\"https:\/\/villas.tenerife.com\/es\/#organization\"},\"potentialAction\":[{\"@type\":\"SearchAction\",\"target\":{\"@type\":\"EntryPoint\",\"urlTemplate\":\"https:\/\/villas.tenerife.com\/es\/?s={search_term_string}\"},\"query-input\":{\"@type\":\"PropertyValueSpecification\",\"valueRequired\":true,\"valueName\":\"search_term_string\"}}],\"inLanguage\":\"es\"},{\"@type\":\"Organization\",\"@id\":\"https:\/\/villas.tenerife.com\/es\/#organization\",\"name\":\"Villas Tenerife\",\"url\":\"https:\/\/villas.tenerife.com\/es\/\",\"logo\":{\"@type\":\"ImageObject\",\"inLanguage\":\"es\",\"@id\":\"https:\/\/villas.tenerife.com\/es\/#\/schema\/logo\/image\/\",\"url\":\"https:\/\/villas.tenerife.com\/wp-content\/uploads\/2020\/09\/white-logo-retina-1.png\",\"contentUrl\":\"https:\/\/villas.tenerife.com\/wp-content\/uploads\/2020\/09\/white-logo-retina-1.png\",\"width\":353,\"height\":167,\"caption\":\"Villas Tenerife\"},\"image\":{\"@id\":\"https:\/\/villas.tenerife.com\/es\/#\/schema\/logo\/image\/\"}}]}<\/script>\n<!-- \/ Yoast SEO plugin. -->","yoast_head_json":{"title":"Pol\u00edtica de Privacidad - Villas Tenerife","robots":{"index":"index","follow":"follow","max-snippet":"max-snippet:-1","max-image-preview":"max-image-preview:large","max-video-preview":"max-video-preview:-1"},"canonical":"https:\/\/villas.tenerife.com\/es\/index.php\/privacy-policy\/","og_locale":"es_ES","og_type":"article","og_title":"Pol\u00edtica de Privacidad - Villas Tenerife","og_description":"I. POL\u00cdTICA DE PRIVACIDAD Y PROTECCI\u00d3N DE DATOS Respetando lo establecido en la legislaci\u00f3n vigente, Villas Tenerife (en adelante, tambi\u00e9n Sitio Web) se compromete a adoptar las medidas t\u00e9cnicas y organizativas necesarias, seg\u00fan el nivel de seguridad adecuado al riesgo de los datos recogidos. Leyes que incorpora esta pol\u00edtica de privacidad Esta pol\u00edtica de privacidad...","og_url":"https:\/\/villas.tenerife.com\/es\/index.php\/privacy-policy\/","og_site_name":"Villas Tenerife","article_modified_time":"2023-04-17T11:16:11+00:00","twitter_card":"summary_large_image","twitter_misc":{"Tiempo de lectura":"9 minutos"},"schema":{"@context":"https:\/\/schema.org","@graph":[{"@type":"WebPage","@id":"https:\/\/villas.tenerife.com\/es\/index.php\/privacy-policy\/","url":"https:\/\/villas.tenerife.com\/es\/index.php\/privacy-policy\/","name":"Pol\u00edtica de Privacidad - Villas Tenerife","isPartOf":{"@id":"https:\/\/villas.tenerife.com\/es\/#website"},"datePublished":"2022-11-30T12:26:13+00:00","dateModified":"2023-04-17T11:16:11+00:00","breadcrumb":{"@id":"https:\/\/villas.tenerife.com\/es\/index.php\/privacy-policy\/#breadcrumb"},"inLanguage":"es","potentialAction":[{"@type":"ReadAction","target":["https:\/\/villas.tenerife.com\/es\/index.php\/privacy-policy\/"]}]},{"@type":"BreadcrumbList","@id":"https:\/\/villas.tenerife.com\/es\/index.php\/privacy-policy\/#breadcrumb","itemListElement":[{"@type":"ListItem","position":1,"name":"Portada","item":"https:\/\/villas.tenerife.com\/es\/"},{"@type":"ListItem","position":2,"name":"Pol\u00edtica de Privacidad"}]},{"@type":"WebSite","@id":"https:\/\/villas.tenerife.com\/es\/#website","url":"https:\/\/villas.tenerife.com\/es\/","name":"Villas Tenerife","description":"Luxury Villas in Tenerife","publisher":{"@id":"https:\/\/villas.tenerife.com\/es\/#organization"},"potentialAction":[{"@type":"SearchAction","target":{"@type":"EntryPoint","urlTemplate":"https:\/\/villas.tenerife.com\/es\/?s={search_term_string}"},"query-input":{"@type":"PropertyValueSpecification","valueRequired":true,"valueName":"search_term_string"}}],"inLanguage":"es"},{"@type":"Organization","@id":"https:\/\/villas.tenerife.com\/es\/#organization","name":"Villas Tenerife","url":"https:\/\/villas.tenerife.com\/es\/","logo":{"@type":"ImageObject","inLanguage":"es","@id":"https:\/\/villas.tenerife.com\/es\/#\/schema\/logo\/image\/","url":"https:\/\/villas.tenerife.com\/wp-content\/uploads\/2020\/09\/white-logo-retina-1.png","contentUrl":"https:\/\/villas.tenerife.com\/wp-content\/uploads\/2020\/09\/white-logo-retina-1.png","width":353,"height":167,"caption":"Villas Tenerife"},"image":{"@id":"https:\/\/villas.tenerife.com\/es\/#\/schema\/logo\/image\/"}}]}},"_links":{"self":[{"href":"https:\/\/villas.tenerife.com\/es\/index.php\/wp-json\/wp\/v2\/pages\/3","targetHints":{"allow":["GET"]}}],"collection":[{"href":"https:\/\/villas.tenerife.com\/es\/index.php\/wp-json\/wp\/v2\/pages"}],"about":[{"href":"https:\/\/villas.tenerife.com\/es\/index.php\/wp-json\/wp\/v2\/types\/page"}],"author":[{"embeddable":true,"href":"https:\/\/villas.tenerife.com\/es\/index.php\/wp-json\/wp\/v2\/users\/1"}],"replies":[{"embeddable":true,"href":"https:\/\/villas.tenerife.com\/es\/index.php\/wp-json\/wp\/v2\/comments?post=3"}],"version-history":[{"count":3,"href":"https:\/\/villas.tenerife.com\/es\/index.php\/wp-json\/wp\/v2\/pages\/3\/revisions"}],"predecessor-version":[{"id":6981,"href":"https:\/\/villas.tenerife.com\/es\/index.php\/wp-json\/wp\/v2\/pages\/3\/revisions\/6981"}],"wp:attachment":[{"href":"https:\/\/villas.tenerife.com\/es\/index.php\/wp-json\/wp\/v2\/media?parent=3"}],"curies":[{"name":"wp","href":"https:\/\/api.w.org\/{rel}","templated":true}]}}